{"id":35337,"date":"2024-11-26T13:20:16","date_gmt":"2024-11-26T11:20:16","guid":{"rendered":"https:\/\/kapanels.com\/?page_id=35337"},"modified":"2026-04-10T11:11:15","modified_gmt":"2026-04-10T09:11:15","slug":"avis-legal","status":"publish","type":"page","link":"https:\/\/kapanels.com\/ca\/avis-legal\/","title":{"rendered":"Av\u00eds legal"},"content":{"rendered":"\n<p>En compliment amb el deure d&#8217;informaci\u00f3 recollit en article 10 de la Llei 34\/2002, d&#8217;11 de Juliol, de Serveis de la Societat de la Informaci\u00f3 i del Comer\u00e7 Electr\u00f2nic, l&#8217;informem que el portal d&#8217;Internet https:\/\/kapanels.com\/. (d&#8217;ara endavant, el &#8220;lloc web&#8221;) \u00e9s titularitat de CA Comp\u00f2sits Panell S.L., amb domicili social C\/ Holanda 25-27 P.I. Pla de Llerona &#8211; 08520 les Franqueses del Vall\u00e8s amb CIF n\u00fam. B63248801. El present av\u00eds legal regula les condicions d&#8217;\u00fas del citat portal d&#8217;Internet.&nbsp;<\/p>\n\n\n\n<p><strong>Llei aplicable i jurisdicci\u00f3\u00a0<\/strong><\/p>\n\n\n\n<p>Amb car\u00e0cter general les relacions entre CA Comp\u00f2sits Panell S.L. i els usuaris dels seus serveis telem\u00e0tics, presents en el lloc web, es troben sotmeses a la legislaci\u00f3 i jurisdicci\u00f3 espanyoles.&nbsp;<\/p>\n\n\n\n<p>El fur aplicable ser\u00e0 el del domicili del demandat, tret que es tracti d&#8217;un procediment en exercici individual en defensa dels drets dels consumidors, i en aquest cas la compet\u00e8ncia ser\u00e0 a elecci\u00f3 del consumidor demandant, que podr\u00e0 optar entre el tribunal del seu domicili o el tribunal corresponent conforme als articles 50 i 51 Llei d&#8217;Enjudiciament Civil.&nbsp;<\/p>\n\n\n\n<p><strong>Acceptaci\u00f3 de l&#8217;usuari\u00a0<\/strong><\/p>\n\n\n\n<p>Aquest Av\u00eds Legal regula l&#8217;acc\u00e9s i utilitzaci\u00f3 del lloc web que CA Comp\u00f2sits Panell S.L. posa a la disposici\u00f3 dels usuaris d&#8217;Internet. Es considera usuari la persona que accedeixi, navegui, utilitzi o participi en els serveis i activitats del lloc web.&nbsp;<\/p>\n\n\n\n<p>L&#8217;usuari queda informat, i accepta, que l&#8217;acc\u00e9s al present lloc web no suposa, de cap manera, l&#8217;inici d&#8217;una relaci\u00f3 comercial amb CA Comp\u00f2sits Panell S.L.&nbsp;<\/p>\n\n\n\n<p>L&#8217;acc\u00e9s i navegaci\u00f3 en el lloc web per part de l&#8217;usuari suposa l&#8217;acceptaci\u00f3 de la totalitat de les presents Condicions d&#8217;\u00das. En cas de desacord amb les condicions ha d&#8217;abstenir-se a usar el lloc web.&nbsp;<\/p>\n\n\n\n<p><strong>Acc\u00e9s al lloc web\u00a0<\/strong><\/p>\n\n\n\n<p>L&#8217;acc\u00e9s al lloc web per part dels usuaris \u00e9s de car\u00e0cter lliure i gratu\u00eft. Alguns serveis poden trobar-se subjectes a contractaci\u00f3 pr\u00e8via del servei.&nbsp;<\/p>\n\n\n\n<p>En cas de ser necessari que l&#8217;usuari aporti dades personals per a accedir a algun dels serveis, la recollida i el tractament de les dades es realitzar\u00e0 de conformitat amb la normativa vigent, en concret amb el RGPD. Per a m\u00e9s informaci\u00f3, consulti la nostra pol\u00edtica de privacitat https:\/\/kapanels.com\/privacidad&nbsp;<\/p>\n\n\n\n<p><strong>Contingut i \u00fas\u00a0<\/strong><\/p>\n\n\n\n<p>La visita al lloc web per part de l&#8217;usuari haur\u00e0 de fer-se de manera responsable i de conformitat a la legalitat vigent, la bona fe, el present Av\u00eds Legal i respectant els drets de propietat intel\u00b7lectual i industrial de titularitat de CA Comp\u00f2sits Panell S.L. o qualsevol altres persones f\u00edsiques o jur\u00eddiques.&nbsp;<\/p>\n\n\n\n<p>L&#8217;\u00fas de qualsevol dels continguts del lloc web amb finalitats que siguin o poguessin ser il\u00b7l\u00edcites queda totalment prohibit, aix\u00ed com la realitzaci\u00f3 de qualsevol acci\u00f3 que causi o pugui causar danys o alteracions de qualsevol tipus no consentides per CA Comp\u00f2sits Panell S.L., al lloc web o als seus continguts.&nbsp;<\/p>\n\n\n\n<p>El titular del lloc web no s&#8217;identifica amb les opinions abocades en el mateix pels seus col\u00b7laboradors. Aix\u00ed mateix, el titular del lloc web es reserva el dret d&#8217;efectuar sense previ av\u00eds les modificacions que consideri oportunes en el seu lloc web, podent canviar, suprimir o afegir tant els continguts i serveis que es prestin a trav\u00e9s d&#8217;aquesta com la forma en la qual aquests apareguin presentats o localitzats en els seus servidors.&nbsp;<\/p>\n\n\n\n<p><strong>Propietat intel\u00b7lectual i industrial\u00a0<\/strong><\/p>\n\n\n\n<p>Els drets de propietat intel\u00b7lectual del contingut del lloc web, el seu disseny gr\u00e0fic i codis s\u00f3n titularitat de CA Comp\u00f2sits Panell S.L. i, per tant, queda prohibida la seva reproducci\u00f3, distribuci\u00f3, comunicaci\u00f3 p\u00fablica, transformaci\u00f3 o qualsevol altra activitat que es realitzi amb els continguts del lloc web, ni tan sols, encara que se citin les fonts, tret que es compti amb el consentiment previ, expr\u00e9s i per escrit de CA Comp\u00f2sits Panell S.L. Tots els noms comercials, marques o signes distints de qualsevol classe continguts en les p\u00e0gines web de l&#8217;empresa s\u00f3n propietat dels seus amos i estan protegits per llei.&nbsp;<\/p>\n\n\n\n<p>CA Comp\u00f2sits Panell S.L. no concedeix cap llic\u00e8ncia o autoritzaci\u00f3 d&#8217;\u00fas de cap classe sobre els seus drets de propietat intel\u00b7lectual i industrial o sobre qualsevol altra propietat o dret relacionat amb el lloc web, i en cap cas s&#8217;entendr\u00e0 que l&#8217;acc\u00e9s i navegaci\u00f3 dels usuaris implica una ren\u00fancia, transmissi\u00f3, llic\u00e8ncia o cessi\u00f3 total ni parcial d&#8217;aquests drets per part de CA Comp\u00f2sits Panell S.L.&nbsp;<\/p>\n\n\n\n<p>Qualsevol \u00fas d&#8217;aquests continguts no autoritzat pr\u00e8viament per part de CA Comp\u00f2sits Panell S.L. ser\u00e0 considerat un incompliment greu dels drets de propietat intel\u00b7lectual o industrial i donar\u00e0 lloc a les responsabilitats legalment establertes. CA Comp\u00f2sits Panell S.L. es reserva el dret d&#8217;exercitar enfront de l&#8217;usuari les accions judicials i extrajudicials que corresponguin.&nbsp;<\/p>\n\n\n\n<p><strong>Responsabilitat i garanties\u00a0<\/strong><\/p>\n\n\n\n<p>CA Comp\u00f2sits Panell S.L. declara que ha adoptat les mesures necess\u00e0ries que, dins de les seves possibilitats i l&#8217;estat de la tecnologia, permetin el correcte funcionament del seu lloc web, aix\u00ed com l&#8217;abs\u00e8ncia de virus i components nocius. No obstant aix\u00f2, CA Comp\u00f2sits Panell S.L. no pot fer-se responsable de les seg\u00fcents situacions que s&#8217;enumeren a t\u00edtol enunciatiu, per\u00f2 no limitatiu:&nbsp;<\/p>\n\n\n\n<p>La continu\u00eftat i disponibilitat dels Continguts.&nbsp;<\/p>\n\n\n\n<p>L&#8217;abs\u00e8ncia d&#8217;errors en aquests continguts ni la correcci\u00f3 de qualsevol defecte que pogu\u00e9s oc\u00f3rrer.&nbsp;<\/p>\n\n\n\n<p>L&#8217;abs\u00e8ncia de virus i\/o altres components nocius.&nbsp;<\/p>\n\n\n\n<p>Els danys o perjudicis que causi qualsevol persona que vulneri els sistemes de seguretat de CA Comp\u00f2sits Panell S.L.&nbsp;<\/p>\n\n\n\n<p>L&#8217;\u00fas que els usuaris puguin fer dels continguts inclosos en el lloc web. En conseq\u00fc\u00e8ncia, CA Comp\u00f2sits Panell S.L. no garanteix que l&#8217;\u00fas que els usuaris puguin&nbsp;<\/p>\n\n\n\n<p>aviso legal, ni que l&#8217;\u00fas del lloc web es realitzi de manera diligent.&nbsp;<\/p>\n\n\n\n<p>L&#8217;\u00fas per menors d&#8217;edat del lloc web o de l&#8217;enviament de les seves dades personals sense el perm\u00eds dels seus tutors, sent els tutors responsables de l&#8217;\u00fas que facin d&#8217;Internet.&nbsp;<\/p>\n\n\n\n<p>Els continguts als quals l&#8217;usuari pugui accedir a trav\u00e9s d&#8217;enlla\u00e7os no autoritzats o introdu\u00efts per usuaris mitjan\u00e7ant comentaris o eines similars.&nbsp;<\/p>\n\n\n\n<p><strong>La introducci\u00f3 de dades err\u00f2nies per part de l&#8217;usuari o d&#8217;un tercer.\u00a0<\/strong><\/p>\n\n\n\n<p>CA Comp\u00f2sits Panell S.L. podr\u00e0 suspendre temporalment i sense previ av\u00eds, l&#8217;accessibilitat al lloc web amb motiu d&#8217;operacions de manteniment, reparaci\u00f3, actualitzaci\u00f3 o millora. No obstant aix\u00f2, sempre que les circumst\u00e0ncies ho permetin, CA Comp\u00f2sits Panell S.L. comunicar\u00e0 a l&#8217;usuari, amb antelaci\u00f3 suficient, la data prevista per a la suspensi\u00f3 dels continguts.&nbsp;<\/p>\n\n\n\n<p>Aix\u00ed mateix, de conformitat amb els arts. 11 i 16 de la Llei 34\/2002, d&#8217;11 de juliol, de serveis de la societat de la informaci\u00f3 i de comer\u00e7 electr\u00f2nic (LSSICE), CA Comp\u00f2sits Panell S.L. es compromet a l&#8217;eliminaci\u00f3 o, si \u00e9s el cas, bloqueig dels continguts que poguessin afectar o ser contraris a la legislaci\u00f3 vigent, els drets de tercers o la moral i ordre p\u00fablic.&nbsp;<\/p>\n\n\n\n<p><strong>Cookies<\/strong>\u00a0<\/p>\n\n\n\n<p>CA Comp\u00f2sits Panell S.L. utilitza cookies, a l&#8217;efecte d&#8217;optimitzar i personalitzar la seva navegaci\u00f3 pel lloc web. Les cookies s\u00f3n fitxers f\u00edsics d&#8217;informaci\u00f3 que s&#8217;allotgen en el propi terminal de l&#8217;usuari, la informaci\u00f3 recollida mitjan\u00e7ant les cookies serveix per a facilitar la navegaci\u00f3 de l&#8217;usuari pel portal i optimitzar l&#8217;experi\u00e8ncia de navegaci\u00f3. Les dades recopilades mitjan\u00e7ant les cookies poden ser compartits amb els creadors d&#8217;aquestes, per\u00f2 en cap cas la informaci\u00f3 obtinguda per les mateixes ser\u00e0 associada a dades personals ni a dades que puguin identificar a l&#8217;usuari.&nbsp;<\/p>\n\n\n\n<p>No obstant aix\u00f2, si l&#8217;usuari no desitja que s&#8217;instal\u00b7lin cookies en el seu dispositiu, t\u00e9 la possibilitat de configurar el navegador de tal mode que impedeixi la instal\u00b7laci\u00f3 d&#8217;aquests arxius. Per a obtenir m\u00e9s informaci\u00f3 consulti la nostra Pol\u00edtica de Cookies https:\/\/kapanels.com\/cookies&nbsp;<\/p>\n\n\n\n<p><strong>Enlla\u00e7os a altres llocs web (links)\u00a0<\/strong><\/p>\n\n\n\n<p>La pres\u00e8ncia d&#8217;enlla\u00e7os (links) en el lloc web https:\/\/kapanels.com\/. cap a altres llocs d&#8217;Internet t\u00e9 una finalitat merament informativa i en cap cas suposa un suggeriment, invitaci\u00f3 o recomanaci\u00f3 sobre aquests. CA Comp\u00f2sits Panell S.L. no assumir\u00e0 responsabilitat pels continguts d&#8217;un enlla\u00e7 pertanyent a un lloc web ali\u00e8, ni garantir\u00e0 la fiabilitat, exactitud, amplitud, veracitat, validesa i disponibilitat t\u00e8cnica.&nbsp;<\/p>\n\n\n\n<p>En el cas que en altres llocs web s&#8217;estableixin enlla\u00e7os al lloc web de CA Comp\u00f2sits Panell S.L., no s&#8217;entendr\u00e0 que CA Comp\u00f2sits Panell S.L. ha autoritzat l&#8217;enlla\u00e7 o el contingut del lloc web en el qual es cont\u00e9 l&#8217;enlla\u00e7, tampoc podr\u00e0 incloure&#8217;s en la p\u00e0gina de l&#8217;enlla\u00e7 continguts inapropiats, difamatoris, il\u00b7legals, obscens o il\u00b7l\u00edcits, ni altres continguts que siguin contraris a la legalitat vigent.&nbsp;<\/p>\n\n\n\n<p>CA Comp\u00f2sits Panell S.L. es reserva la possibilitat de contactar amb el propietari del lloc web en el qual s&#8217;estableixi l&#8217;enlla\u00e7 si considera que s&#8217;incompleix la normativa, aix\u00ed com d&#8217;exercitar les corresponents accions judicials i extrajudicials.&nbsp;<\/p>\n\n\n\n<p><strong>Modificaci\u00f3 de les condicions\u00a0<\/strong><\/p>\n\n\n\n<p>Els textos legals d&#8217;aquesta web han estat redactats per Qualgest, empresa especialitzada en la normativa de protecci\u00f3 de dades. CA Comp\u00f2sits Panell S.L. es reserva expressament el dret a modificar unilateralment, totalment o parcialment, sense necessitat de previ av\u00eds, el present Av\u00eds Legal. L&#8217;usuari reconeix i accepta que \u00e9s la seva responsabilitat revisar peri\u00f2dicament el present Av\u00eds Legal.<\/p>\n\n\n\n<p><\/p>\n","protected":false},"excerpt":{"rendered":"<p>En compliment amb el deure d&#8217;informaci\u00f3 recollit en article 10 de la Llei 34\/2002, d&#8217;11 de Juliol, de Serveis de la Societat de la Informaci\u00f3 i del Comer\u00e7 Electr\u00f2nic, l&#8217;informem que el portal d&#8217;Internet https:\/\/kapanels.com\/. (d&#8217;ara endavant, el &#8220;lloc web&#8221;) \u00e9s titularitat de CA Comp\u00f2sits Panell S.L., amb domicili social C\/ Holanda 25-27 P.I. Pla [&hellip;]<\/p>\n","protected":false},"author":1,"featured_media":0,"parent":0,"menu_order":0,"comment_status":"closed","ping_status":"closed","template":"","meta":{"footnotes":""},"class_list":["post-35337","page","type-page","status-publish","hentry"],"yoast_head":"<!-- This site is optimized with the Yoast SEO Premium plugin v24.5 (Yoast SEO v27.2) - https:\/\/yoast.com\/product\/yoast-seo-premium-wordpress\/ -->\n<title>Av\u00eds legal - KA PANELS<\/title>\n<meta name=\"robots\" content=\"index, follow, max-snippet:-1, max-image-preview:large, max-video-preview:-1\" \/>\n<link rel=\"canonical\" href=\"https:\/\/kapanels.com\/ca\/avis-legal\/\" \/>\n<meta property=\"og:locale\" content=\"ca_ES\" \/>\n<meta property=\"og:type\" content=\"article\" \/>\n<meta property=\"og:title\" content=\"Av\u00eds legal\" \/>\n<meta property=\"og:description\" content=\"En compliment amb el deure d&#8217;informaci\u00f3 recollit en article 10 de la Llei 34\/2002, d&#8217;11 de Juliol, de Serveis de la Societat de la Informaci\u00f3 i del Comer\u00e7 Electr\u00f2nic, l&#8217;informem que el portal d&#8217;Internet https:\/\/kapanels.com\/. (d&#8217;ara endavant, el &#8220;lloc web&#8221;) \u00e9s titularitat de CA Comp\u00f2sits Panell S.L., amb domicili social C\/ Holanda 25-27 P.I. Pla [&hellip;]\" \/>\n<meta property=\"og:url\" content=\"https:\/\/kapanels.com\/ca\/avis-legal\/\" \/>\n<meta property=\"og:site_name\" content=\"KA PANELS\" \/>\n<meta property=\"article:publisher\" content=\"https:\/\/www.facebook.com\/ka.coverings.7\" \/>\n<meta property=\"article:modified_time\" content=\"2026-04-10T09:11:15+00:00\" \/>\n<meta name=\"twitter:card\" content=\"summary_large_image\" \/>\n<meta name=\"twitter:label1\" content=\"Temps estimat de lectura\" \/>\n\t<meta name=\"twitter:data1\" content=\"7 minuts\" \/>\n<script type=\"application\/ld+json\" class=\"yoast-schema-graph\">{\"@context\":\"https:\/\/schema.org\",\"@graph\":[{\"@type\":\"WebPage\",\"@id\":\"https:\/\/kapanels.com\/ca\/avis-legal\/\",\"url\":\"https:\/\/kapanels.com\/ca\/avis-legal\/\",\"name\":\"Av\u00eds legal - KA PANELS\",\"isPartOf\":{\"@id\":\"https:\/\/kapanels.com\/#website\"},\"datePublished\":\"2024-11-26T11:20:16+00:00\",\"dateModified\":\"2026-04-10T09:11:15+00:00\",\"breadcrumb\":{\"@id\":\"https:\/\/kapanels.com\/ca\/avis-legal\/#breadcrumb\"},\"inLanguage\":\"ca\",\"potentialAction\":[{\"@type\":\"ReadAction\",\"target\":[\"https:\/\/kapanels.com\/ca\/avis-legal\/\"]}]},{\"@type\":\"BreadcrumbList\",\"@id\":\"https:\/\/kapanels.com\/ca\/avis-legal\/#breadcrumb\",\"itemListElement\":[{\"@type\":\"ListItem\",\"position\":1,\"name\":\"Portada\",\"item\":\"https:\/\/kapanels.com\/ca\/\"},{\"@type\":\"ListItem\",\"position\":2,\"name\":\"Av\u00eds legal\"}]},{\"@type\":\"WebSite\",\"@id\":\"https:\/\/kapanels.com\/#website\",\"url\":\"https:\/\/kapanels.com\/\",\"name\":\"KA PANELS\",\"description\":\"Paneles decorativos en gran formato | Revestimientos de pared | Paneles de piedra | Paneles de ladrillo | Vigas decorativas\",\"publisher\":{\"@id\":\"https:\/\/kapanels.com\/#organization\"},\"potentialAction\":[{\"@type\":\"SearchAction\",\"target\":{\"@type\":\"EntryPoint\",\"urlTemplate\":\"https:\/\/kapanels.com\/?s={search_term_string}\"},\"query-input\":{\"@type\":\"PropertyValueSpecification\",\"valueRequired\":true,\"valueName\":\"search_term_string\"}}],\"inLanguage\":\"ca\"},{\"@type\":\"Organization\",\"@id\":\"https:\/\/kapanels.com\/#organization\",\"name\":\"KA PANELS\",\"url\":\"https:\/\/kapanels.com\/\",\"logo\":{\"@type\":\"ImageObject\",\"inLanguage\":\"ca\",\"@id\":\"https:\/\/kapanels.com\/#\/schema\/logo\/image\/\",\"url\":\"https:\/\/kapanels.com\/wp-content\/uploads\/2024\/11\/kapanels.png\",\"contentUrl\":\"https:\/\/kapanels.com\/wp-content\/uploads\/2024\/11\/kapanels.png\",\"width\":300,\"height\":250,\"caption\":\"KA PANELS\"},\"image\":{\"@id\":\"https:\/\/kapanels.com\/#\/schema\/logo\/image\/\"},\"sameAs\":[\"https:\/\/www.facebook.com\/ka.coverings.7\",\"https:\/\/www.instagram.com\/ka_panels\/\",\"https:\/\/www.linkedin.com\/in\/ka-panels-6a839560\/\"]}]}<\/script>\n<!-- \/ Yoast SEO Premium plugin. -->","yoast_head_json":{"title":"Av\u00eds legal - KA PANELS","robots":{"index":"index","follow":"follow","max-snippet":"max-snippet:-1","max-image-preview":"max-image-preview:large","max-video-preview":"max-video-preview:-1"},"canonical":"https:\/\/kapanels.com\/ca\/avis-legal\/","og_locale":"ca_ES","og_type":"article","og_title":"Av\u00eds legal","og_description":"En compliment amb el deure d&#8217;informaci\u00f3 recollit en article 10 de la Llei 34\/2002, d&#8217;11 de Juliol, de Serveis de la Societat de la Informaci\u00f3 i del Comer\u00e7 Electr\u00f2nic, l&#8217;informem que el portal d&#8217;Internet https:\/\/kapanels.com\/. (d&#8217;ara endavant, el &#8220;lloc web&#8221;) \u00e9s titularitat de CA Comp\u00f2sits Panell S.L., amb domicili social C\/ Holanda 25-27 P.I. Pla [&hellip;]","og_url":"https:\/\/kapanels.com\/ca\/avis-legal\/","og_site_name":"KA PANELS","article_publisher":"https:\/\/www.facebook.com\/ka.coverings.7","article_modified_time":"2026-04-10T09:11:15+00:00","twitter_card":"summary_large_image","twitter_misc":{"Temps estimat de lectura":"7 minuts"},"schema":{"@context":"https:\/\/schema.org","@graph":[{"@type":"WebPage","@id":"https:\/\/kapanels.com\/ca\/avis-legal\/","url":"https:\/\/kapanels.com\/ca\/avis-legal\/","name":"Av\u00eds legal - KA PANELS","isPartOf":{"@id":"https:\/\/kapanels.com\/#website"},"datePublished":"2024-11-26T11:20:16+00:00","dateModified":"2026-04-10T09:11:15+00:00","breadcrumb":{"@id":"https:\/\/kapanels.com\/ca\/avis-legal\/#breadcrumb"},"inLanguage":"ca","potentialAction":[{"@type":"ReadAction","target":["https:\/\/kapanels.com\/ca\/avis-legal\/"]}]},{"@type":"BreadcrumbList","@id":"https:\/\/kapanels.com\/ca\/avis-legal\/#breadcrumb","itemListElement":[{"@type":"ListItem","position":1,"name":"Portada","item":"https:\/\/kapanels.com\/ca\/"},{"@type":"ListItem","position":2,"name":"Av\u00eds legal"}]},{"@type":"WebSite","@id":"https:\/\/kapanels.com\/#website","url":"https:\/\/kapanels.com\/","name":"KA PANELS","description":"Paneles decorativos en gran formato | Revestimientos de pared | Paneles de piedra | Paneles de ladrillo | Vigas decorativas","publisher":{"@id":"https:\/\/kapanels.com\/#organization"},"potentialAction":[{"@type":"SearchAction","target":{"@type":"EntryPoint","urlTemplate":"https:\/\/kapanels.com\/?s={search_term_string}"},"query-input":{"@type":"PropertyValueSpecification","valueRequired":true,"valueName":"search_term_string"}}],"inLanguage":"ca"},{"@type":"Organization","@id":"https:\/\/kapanels.com\/#organization","name":"KA PANELS","url":"https:\/\/kapanels.com\/","logo":{"@type":"ImageObject","inLanguage":"ca","@id":"https:\/\/kapanels.com\/#\/schema\/logo\/image\/","url":"https:\/\/kapanels.com\/wp-content\/uploads\/2024\/11\/kapanels.png","contentUrl":"https:\/\/kapanels.com\/wp-content\/uploads\/2024\/11\/kapanels.png","width":300,"height":250,"caption":"KA PANELS"},"image":{"@id":"https:\/\/kapanels.com\/#\/schema\/logo\/image\/"},"sameAs":["https:\/\/www.facebook.com\/ka.coverings.7","https:\/\/www.instagram.com\/ka_panels\/","https:\/\/www.linkedin.com\/in\/ka-panels-6a839560\/"]}]}},"_links":{"self":[{"href":"https:\/\/kapanels.com\/ca\/wp-json\/wp\/v2\/pages\/35337","targetHints":{"allow":["GET"]}}],"collection":[{"href":"https:\/\/kapanels.com\/ca\/wp-json\/wp\/v2\/pages"}],"about":[{"href":"https:\/\/kapanels.com\/ca\/wp-json\/wp\/v2\/types\/page"}],"author":[{"embeddable":true,"href":"https:\/\/kapanels.com\/ca\/wp-json\/wp\/v2\/users\/1"}],"replies":[{"embeddable":true,"href":"https:\/\/kapanels.com\/ca\/wp-json\/wp\/v2\/comments?post=35337"}],"version-history":[{"count":3,"href":"https:\/\/kapanels.com\/ca\/wp-json\/wp\/v2\/pages\/35337\/revisions"}],"predecessor-version":[{"id":35400,"href":"https:\/\/kapanels.com\/ca\/wp-json\/wp\/v2\/pages\/35337\/revisions\/35400"}],"wp:attachment":[{"href":"https:\/\/kapanels.com\/ca\/wp-json\/wp\/v2\/media?parent=35337"}],"curies":[{"name":"wp","href":"https:\/\/api.w.org\/{rel}","templated":true}]}}