{"id":35348,"date":"2024-11-26T13:20:42","date_gmt":"2024-11-26T11:20:42","guid":{"rendered":"https:\/\/kapanels.com\/politica-de-cookies\/"},"modified":"2026-04-08T14:31:12","modified_gmt":"2026-04-08T12:31:12","slug":"politica-de-cookies","status":"publish","type":"page","link":"https:\/\/kapanels.com\/ca\/politica-de-cookies\/","title":{"rendered":"Pol\u00edtica de Cookies"},"content":{"rendered":"\n<p>En compliment amb el deure informaci\u00f3 recollit a l&#8217;apartat 2n de l&#8217;article 22 de la Llei 34\/2002, d&#8217;11 de juliol, de Serveis de la Societat de la Informaci\u00f3 i del Comer\u00e7 Electr\u00f2nic, aquesta pol\u00edtica de <em>cookies<\/em> t\u00e9 per finalitat informar-te de manera clara i precisa sobre les <em>cookies<\/em> que s&#8217;utilitzen al lloc web de KA Composites Panel SL.  <\/p>\n\n<p><strong>1. Qu\u00e8 s\u00f3n les<\/strong> <strong><em>cookies<\/em><\/strong> <strong>?<\/strong> <\/p>\n\n<p>Una <em>galeta<\/em> \u00e9s un petit fitxer que els llocs web envien al navegador i es descarreguen al teu ordinador. Les <em>galetes<\/em> permeten que la p\u00e0gina web emmagatzemi i recuperi certa informaci\u00f3 sobre la teva visita, com ara el teu idioma preferit i altres opcions, amb la finalitat de millorar els serveis que s&#8217;ofereixen i contribuir a tenir una millor experi\u00e8ncia de navegaci\u00f3 per a l&#8217;usuari.   <\/p>\n\n<p>Una galeta \u00e9s un fitxer de mida petita que els llocs web envien al navegador i es descarreguen al teu ordinador. Les galetes permeten que la p\u00e0gina web emmagatzemi i recuperi certa informaci\u00f3 sobre la teva visita, com ara el teu idioma preferit i altres opcions, per tal de millorar els serveis que s&#8217;ofereixen i contribuir a tenir una millor experi\u00e8ncia de navegaci\u00f3 per a l&#8217;usuari.   <\/p>\n\n<p><strong>2. Tipus de<\/strong> <strong><em>cookies<\/em><\/strong> <\/p>\n\n<p>En funci\u00f3 de qui gestioni el domini des d&#8217;on s&#8217;envien les <em>galetes<\/em> i es tractin les dades, es distingir\u00e0 entre <em>galetes pr\u00f2pies<\/em> i <em>galetes<\/em> de tercers.  <\/p>\n\n<p>En funci\u00f3 de qui gestioni el domini des d&#8217;on s&#8217;envien les galetes i es tractin les dades, es distingir\u00e0 entre galetes pr\u00f2pies i galetes de tercers.  <\/p>\n\n<p>Les <em>galetes<\/em> tamb\u00e9 es poden classificar segons el termini de temps que romanguin emmagatzemades al navegador de l&#8217;usuari, distingint-se entre <em>galetes<\/em> de sessi\u00f3 o <em>galetes<\/em> persistents.  <\/p>\n\n<p>Finalment, en funci\u00f3 de la finalitat per a la qual es tracti la informaci\u00f3 recopilada, les <em>cookies<\/em> es poden classificar en les categories seg\u00fcents:  <\/p>\n\n<ul class=\"wp-block-list\">\n<li><strong>Galetes t\u00e8cniques:  <\/strong>s\u00f3n aquelles que permeten a l&#8217;usuari la navegaci\u00f3 a trav\u00e9s d&#8217;una p\u00e0gina web, plataforma o aplicaci\u00f3 i la utilitzaci\u00f3 de les diferents opcions o serveis que hi hagi, incloent-hi aquelles que l&#8217;editor utilitza per permetre la gesti\u00f3 i operativa de la p\u00e0gina web i habilitar-ne les funcions i serveis, com, per exemple, controlar el tr\u00e0nsit i la comunicaci\u00f3 de dades, identificar la sessi\u00f3, accedir a parts d&#8217;acc\u00e9s restringit, recordar els elements el pagament, controlar el frau vinculat a la seguretat del servei, realitzar la sol\u00b7licitud d&#8217;inscripci\u00f3 o participaci\u00f3 en un esdeveniment, comptar visites a efectes de la facturaci\u00f3 de llic\u00e8ncies del programari amb qu\u00e8 funciona el servei (lloc web, plataforma o aplicaci\u00f3), utilitzar elements de seguretat durant la navegaci\u00f3, emmagatzemar continguts per a la difusi\u00f3 de v\u00eddeos o so, habilitar continguts din\u00e0mics (per exemple, animaci\u00f3 de c\u00e0rrega). Tamb\u00e9 pertanyen a aquesta categoria, per la seva naturalesa t\u00e8cnica, aquelles galetes que permeten la gesti\u00f3, de la forma m\u00e9s efica\u00e7 possible, dels espais publicitaris que, com un element m\u00e9s de disseny o \u201cmaquetaci\u00f3\u201d del servei ofert a l&#8217;usuari, l&#8217;editor hagi incl\u00f2s en una p\u00e0gina web, aplicaci\u00f3 o plataforma en base a criteris com el contingut editat, sense que es recopili informaci\u00f3 dels usuaris amb finalitats diferents, com ara.   <\/li>\n\n\n\n<li><strong>Cookies de prefer\u00e8ncia o personalitzaci\u00f3:<\/strong> permeten recordar informaci\u00f3 perqu\u00e8 l&#8217;usuari accedeixi al servei amb determinades caracter\u00edstiques, com ara l&#8217;idioma, el nombre de resultats a mostrar, l&#8217;aspecte o contingut del servei en funci\u00f3 del navegador utilitzat o de la regi\u00f3 des d&#8217;on s&#8217;accedeix al servei, etc. Si \u00e9s el mateix usuari qui escull aquestes caracter\u00edstiques (per exemple, si seleccioneu l&#8217;idioma d&#8217;un lloc web clicant a la icona de la bandera del pa\u00eds corresponent, la moneda que voleu utilitzar en les transaccions, la mida de font o el contrast de color entre el fons el contingut per millorar la llegibilitat), les cookies estaran exceptuades de consentiment per considerar-se un servei expressament sol\u00b7licitat per l&#8217;usuari.   <\/li>\n\n\n\n<li><strong>Galetes de complement per intercanviar continguts socials:<\/strong> els anomenats plug-in, que permeten compartir continguts en xarxes socials.  <\/li>\n\n\n\n<li><strong>Galetes d&#8217;an\u00e0lisi o mesura:<\/strong> s\u00f3n aquelles que permeten al responsable de les mateixes el seguiment i l&#8217;an\u00e0lisi del comportament dels usuaris dels llocs web als quals estan vinculades, inclosa la quantificaci\u00f3 dels impactes dels anuncis. La informaci\u00f3 recollida mitjan\u00e7ant aquest tipus de cookies s&#8217;utilitza en el mesurament de la   <\/li>\n<\/ul>\n\n<ul class=\"wp-block-list\">\n<li>dades d\u00fas que fan els usuaris del servei. Respecte al tractament de dades recollides a trav\u00e9s de les galetes d&#8217;an\u00e0lisi.   <\/li>\n\n\n\n<li><strong>Cookies de publicitat comportamental:<\/strong> s\u00f3n aquelles que emmagatzemen informaci\u00f3 del comportament dels usuaris obtinguda a trav\u00e9s de l&#8217;observaci\u00f3 continuada dels seus h\u00e0bits de navegaci\u00f3, cosa que permet desenvolupar un perfil espec\u00edfic per mostrar publicitat en funci\u00f3 del mateix. En tot cas, cal tenir en compte que aquestes tipologies s&#8217;ofereixen a t\u00edtol orientatiu perqu\u00e8 s\u00f3n les m\u00e9s habituals. Els editors i els tercers podran realitzar les categoritzacions que considerin que millor s&#8217;ajusten a les finalitats de les galetes que utilitzen, de manera que es respecti el principi de transpar\u00e8ncia davant dels usuaris    <\/li>\n\n\n\n<li><strong>Galetes de geolocalitzaci\u00f3:<\/strong> utilitzades per esbrinar el pa\u00eds on es troba l&#8217;usuari.  <\/li>\n\n\n\n<li><strong>Cookies de sessi\u00f3:<\/strong> s\u00f3n aquelles dissenyades per demanar i emmagatzemar dades mentre l&#8217;usuari accedeix a una p\u00e0gina web. Se solen emprar per emmagatzemar informaci\u00f3 que nom\u00e9s interessa conservar per a la prestaci\u00f3 del servei sol\u00b7licitat per l&#8217;usuari en una sola ocasi\u00f3 (per exemple, una llista de productes adquirits) i desapareixen en acabar la sessi\u00f3.   <\/li>\n\n\n\n<li><strong>Cookies persistents:<\/strong> s\u00f3n aquelles en qu\u00e8 les dades segueixen emmagatzemades al terminal i poden ser accedides i tractades durant un per\u00edode definit pel responsable de la galeta, i que pot anar d&#8217;uns minuts a diversos anys.  <\/li>\n<\/ul>\n\n<p><strong>3. Autoritzaci\u00f3 per a l&#8217;\u00fas de cookies  <\/strong><\/p>\n\n<p>De conformitat amb l&#8217;av\u00eds de galetes que apareix al lloc web, pots consentir expressament l&#8217;\u00fas de galetes que requereixin consentiment; no obstant aix\u00f2, l\u00fas de cookies t\u00e8cniques o necess\u00e0ries no requereix de consentiment. Sense perjudici de tot aix\u00f2, podeu modificar la configuraci\u00f3 del vostre navegador per bloquejar l&#8217;\u00fas de cookies.   <\/p>\n\n<p><strong>4. Com modificar la configuraci\u00f3 de les cookies  <\/strong><\/p>\n\n<p>Pots restringir, bloquejar o esborrar les galetes de Kapanels.com o qualsevol altra p\u00e0gina web utilitzant el teu navegador. A cada navegador l&#8217;operativa \u00e9s diferent, pots trobar com fer-ho al men\u00fa d&#8217;ajuda del teu navegador on s&#8217;estableix el procediment per eliminar-lo. Per a m\u00e9s informaci\u00f3:    <\/p>\n\n<ul class=\"wp-block-list\">\n<li>Google Chrome  <\/li>\n\n\n\n<li>Mozilla Firefox  <\/li>\n\n\n\n<li>Safari  <\/li>\n\n\n\n<li>Internet Explorer  <\/li>\n<\/ul>\n\n<p>\u00c9s possible que en deshabilitar les galetes la p\u00e0gina web no funcioni correctament o no puguis accedir a determinades funcions d&#8217;aquesta.  <\/p>\n\n<p>\u00c9s possible que en deshabilitar les <em>galetes<\/em> la p\u00e0gina web no funcioni correctament o no puguis accedir a determinades funcions de la mateixa.  <\/p>\n\n<p><strong>5.<\/strong> <strong><em>Cookies<\/em><\/strong> <strong>utilitzades en aquest lloc web<\/strong> <\/p>\n\n<p>En aquest lloc web s&#8217;utilitzen diferents tipus de galetes amb diferents finalitats, a continuaci\u00f3, s&#8217;enumeren les galetes emprades:  <\/p>\n\n<ul class=\"wp-block-list\">\n<li>T\u00e8cniques \u2022 Cookies d&#8217;an\u00e0lisi o mesurament Serveis tractats per nosaltres o per tercers, ens permeten quantificar el nombre d&#8217;usuaris i aix\u00ed realitzar el mesurament i l&#8217;an\u00e0lisi estad\u00edstica de la utilitzaci\u00f3 que fan els usuaris del servei ofert. Per aix\u00f2 s&#8217;analitza la vostra navegaci\u00f3 a la nostra p\u00e0gina web per tal de millorar l&#8217;oferta de productes o serveis que us oferim.   <\/li>\n<\/ul>\n\n<p><strong>6. Modificaci\u00f3 daquesta pol\u00edtica  <\/strong><\/p>\n\n<p>KA Composites Panel SL es reserva expressament el dret a modificar unilateralment, totalment o parcialment, sense necessitat de previ av\u00eds, aquesta Pol\u00edtica de <em>Cookies<\/em> . L&#8217;usuari reconeix i accepta que \u00e9s responsabilitat seva revisar, amb regularitat, aquesta Pol\u00edtica de <em>Cookies<\/em> .   <\/p>\n","protected":false},"excerpt":{"rendered":"<p>En compliment amb el deure informaci\u00f3 recollit a l&#8217;apartat 2n de l&#8217;article 22 de la Llei 34\/2002, d&#8217;11 de juliol, de Serveis de la Societat de la Informaci\u00f3 i del Comer\u00e7 Electr\u00f2nic, aquesta pol\u00edtica de cookies t\u00e9 per finalitat informar-te de manera clara i precisa sobre les cookies que s&#8217;utilitzen al lloc web de KA [&hellip;]<\/p>\n","protected":false},"author":1,"featured_media":0,"parent":0,"menu_order":0,"comment_status":"closed","ping_status":"closed","template":"","meta":{"footnotes":""},"class_list":["post-35348","page","type-page","status-publish","hentry"],"yoast_head":"<!-- This site is optimized with the Yoast SEO Premium plugin v24.5 (Yoast SEO v27.2) - https:\/\/yoast.com\/product\/yoast-seo-premium-wordpress\/ -->\n<title>Pol\u00edtica de Cookies - KA PANELS<\/title>\n<meta name=\"robots\" content=\"index, follow, max-snippet:-1, max-image-preview:large, max-video-preview:-1\" \/>\n<link rel=\"canonical\" href=\"https:\/\/kapanels.com\/ca\/politica-de-cookies\/\" \/>\n<meta property=\"og:locale\" content=\"ca_ES\" \/>\n<meta property=\"og:type\" content=\"article\" \/>\n<meta property=\"og:title\" content=\"Pol\u00edtica de Cookies\" \/>\n<meta property=\"og:description\" content=\"En compliment amb el deure informaci\u00f3 recollit a l&#8217;apartat 2n de l&#8217;article 22 de la Llei 34\/2002, d&#8217;11 de juliol, de Serveis de la Societat de la Informaci\u00f3 i del Comer\u00e7 Electr\u00f2nic, aquesta pol\u00edtica de cookies t\u00e9 per finalitat informar-te de manera clara i precisa sobre les cookies que s&#8217;utilitzen al lloc web de KA [&hellip;]\" \/>\n<meta property=\"og:url\" content=\"https:\/\/kapanels.com\/ca\/politica-de-cookies\/\" \/>\n<meta property=\"og:site_name\" content=\"KA PANELS\" \/>\n<meta property=\"article:publisher\" content=\"https:\/\/www.facebook.com\/ka.coverings.7\" \/>\n<meta property=\"article:modified_time\" content=\"2026-04-08T12:31:12+00:00\" \/>\n<meta name=\"twitter:card\" content=\"summary_large_image\" \/>\n<meta name=\"twitter:label1\" content=\"Temps estimat de lectura\" \/>\n\t<meta name=\"twitter:data1\" content=\"6 minuts\" \/>\n<script type=\"application\/ld+json\" class=\"yoast-schema-graph\">{\"@context\":\"https:\/\/schema.org\",\"@graph\":[{\"@type\":\"WebPage\",\"@id\":\"https:\/\/kapanels.com\/ca\/politica-de-cookies\/\",\"url\":\"https:\/\/kapanels.com\/ca\/politica-de-cookies\/\",\"name\":\"Pol\u00edtica de Cookies - KA PANELS\",\"isPartOf\":{\"@id\":\"https:\/\/kapanels.com\/#website\"},\"datePublished\":\"2024-11-26T11:20:42+00:00\",\"dateModified\":\"2026-04-08T12:31:12+00:00\",\"breadcrumb\":{\"@id\":\"https:\/\/kapanels.com\/ca\/politica-de-cookies\/#breadcrumb\"},\"inLanguage\":\"ca\",\"potentialAction\":[{\"@type\":\"ReadAction\",\"target\":[\"https:\/\/kapanels.com\/ca\/politica-de-cookies\/\"]}]},{\"@type\":\"BreadcrumbList\",\"@id\":\"https:\/\/kapanels.com\/ca\/politica-de-cookies\/#breadcrumb\",\"itemListElement\":[{\"@type\":\"ListItem\",\"position\":1,\"name\":\"Portada\",\"item\":\"https:\/\/kapanels.com\/ca\/\"},{\"@type\":\"ListItem\",\"position\":2,\"name\":\"Pol\u00edtica de Cookies\"}]},{\"@type\":\"WebSite\",\"@id\":\"https:\/\/kapanels.com\/#website\",\"url\":\"https:\/\/kapanels.com\/\",\"name\":\"KA PANELS\",\"description\":\"Paneles decorativos en gran formato | Revestimientos de pared | Paneles de piedra | Paneles de ladrillo | Vigas decorativas\",\"publisher\":{\"@id\":\"https:\/\/kapanels.com\/#organization\"},\"potentialAction\":[{\"@type\":\"SearchAction\",\"target\":{\"@type\":\"EntryPoint\",\"urlTemplate\":\"https:\/\/kapanels.com\/?s={search_term_string}\"},\"query-input\":{\"@type\":\"PropertyValueSpecification\",\"valueRequired\":true,\"valueName\":\"search_term_string\"}}],\"inLanguage\":\"ca\"},{\"@type\":\"Organization\",\"@id\":\"https:\/\/kapanels.com\/#organization\",\"name\":\"KA PANELS\",\"url\":\"https:\/\/kapanels.com\/\",\"logo\":{\"@type\":\"ImageObject\",\"inLanguage\":\"ca\",\"@id\":\"https:\/\/kapanels.com\/#\/schema\/logo\/image\/\",\"url\":\"https:\/\/kapanels.com\/wp-content\/uploads\/2024\/11\/kapanels.png\",\"contentUrl\":\"https:\/\/kapanels.com\/wp-content\/uploads\/2024\/11\/kapanels.png\",\"width\":300,\"height\":250,\"caption\":\"KA PANELS\"},\"image\":{\"@id\":\"https:\/\/kapanels.com\/#\/schema\/logo\/image\/\"},\"sameAs\":[\"https:\/\/www.facebook.com\/ka.coverings.7\",\"https:\/\/www.instagram.com\/ka_panels\/\",\"https:\/\/www.linkedin.com\/in\/ka-panels-6a839560\/\"]}]}<\/script>\n<!-- \/ Yoast SEO Premium plugin. -->","yoast_head_json":{"title":"Pol\u00edtica de Cookies - KA PANELS","robots":{"index":"index","follow":"follow","max-snippet":"max-snippet:-1","max-image-preview":"max-image-preview:large","max-video-preview":"max-video-preview:-1"},"canonical":"https:\/\/kapanels.com\/ca\/politica-de-cookies\/","og_locale":"ca_ES","og_type":"article","og_title":"Pol\u00edtica de Cookies","og_description":"En compliment amb el deure informaci\u00f3 recollit a l&#8217;apartat 2n de l&#8217;article 22 de la Llei 34\/2002, d&#8217;11 de juliol, de Serveis de la Societat de la Informaci\u00f3 i del Comer\u00e7 Electr\u00f2nic, aquesta pol\u00edtica de cookies t\u00e9 per finalitat informar-te de manera clara i precisa sobre les cookies que s&#8217;utilitzen al lloc web de KA [&hellip;]","og_url":"https:\/\/kapanels.com\/ca\/politica-de-cookies\/","og_site_name":"KA PANELS","article_publisher":"https:\/\/www.facebook.com\/ka.coverings.7","article_modified_time":"2026-04-08T12:31:12+00:00","twitter_card":"summary_large_image","twitter_misc":{"Temps estimat de lectura":"6 minuts"},"schema":{"@context":"https:\/\/schema.org","@graph":[{"@type":"WebPage","@id":"https:\/\/kapanels.com\/ca\/politica-de-cookies\/","url":"https:\/\/kapanels.com\/ca\/politica-de-cookies\/","name":"Pol\u00edtica de Cookies - KA PANELS","isPartOf":{"@id":"https:\/\/kapanels.com\/#website"},"datePublished":"2024-11-26T11:20:42+00:00","dateModified":"2026-04-08T12:31:12+00:00","breadcrumb":{"@id":"https:\/\/kapanels.com\/ca\/politica-de-cookies\/#breadcrumb"},"inLanguage":"ca","potentialAction":[{"@type":"ReadAction","target":["https:\/\/kapanels.com\/ca\/politica-de-cookies\/"]}]},{"@type":"BreadcrumbList","@id":"https:\/\/kapanels.com\/ca\/politica-de-cookies\/#breadcrumb","itemListElement":[{"@type":"ListItem","position":1,"name":"Portada","item":"https:\/\/kapanels.com\/ca\/"},{"@type":"ListItem","position":2,"name":"Pol\u00edtica de Cookies"}]},{"@type":"WebSite","@id":"https:\/\/kapanels.com\/#website","url":"https:\/\/kapanels.com\/","name":"KA PANELS","description":"Paneles decorativos en gran formato | Revestimientos de pared | Paneles de piedra | Paneles de ladrillo | Vigas decorativas","publisher":{"@id":"https:\/\/kapanels.com\/#organization"},"potentialAction":[{"@type":"SearchAction","target":{"@type":"EntryPoint","urlTemplate":"https:\/\/kapanels.com\/?s={search_term_string}"},"query-input":{"@type":"PropertyValueSpecification","valueRequired":true,"valueName":"search_term_string"}}],"inLanguage":"ca"},{"@type":"Organization","@id":"https:\/\/kapanels.com\/#organization","name":"KA PANELS","url":"https:\/\/kapanels.com\/","logo":{"@type":"ImageObject","inLanguage":"ca","@id":"https:\/\/kapanels.com\/#\/schema\/logo\/image\/","url":"https:\/\/kapanels.com\/wp-content\/uploads\/2024\/11\/kapanels.png","contentUrl":"https:\/\/kapanels.com\/wp-content\/uploads\/2024\/11\/kapanels.png","width":300,"height":250,"caption":"KA PANELS"},"image":{"@id":"https:\/\/kapanels.com\/#\/schema\/logo\/image\/"},"sameAs":["https:\/\/www.facebook.com\/ka.coverings.7","https:\/\/www.instagram.com\/ka_panels\/","https:\/\/www.linkedin.com\/in\/ka-panels-6a839560\/"]}]}},"_links":{"self":[{"href":"https:\/\/kapanels.com\/ca\/wp-json\/wp\/v2\/pages\/35348","targetHints":{"allow":["GET"]}}],"collection":[{"href":"https:\/\/kapanels.com\/ca\/wp-json\/wp\/v2\/pages"}],"about":[{"href":"https:\/\/kapanels.com\/ca\/wp-json\/wp\/v2\/types\/page"}],"author":[{"embeddable":true,"href":"https:\/\/kapanels.com\/ca\/wp-json\/wp\/v2\/users\/1"}],"replies":[{"embeddable":true,"href":"https:\/\/kapanels.com\/ca\/wp-json\/wp\/v2\/comments?post=35348"}],"version-history":[{"count":1,"href":"https:\/\/kapanels.com\/ca\/wp-json\/wp\/v2\/pages\/35348\/revisions"}],"predecessor-version":[{"id":35349,"href":"https:\/\/kapanels.com\/ca\/wp-json\/wp\/v2\/pages\/35348\/revisions\/35349"}],"wp:attachment":[{"href":"https:\/\/kapanels.com\/ca\/wp-json\/wp\/v2\/media?parent=35348"}],"curies":[{"name":"wp","href":"https:\/\/api.w.org\/{rel}","templated":true}]}}