{"id":36497,"date":"2016-05-06T12:23:47","date_gmt":"2016-05-06T11:23:47","guid":{"rendered":"https:\/\/kapanels.com\/product\/m-008-ladrillo-viejo-combinado\/"},"modified":"2016-05-06T12:23:47","modified_gmt":"2016-05-06T11:23:47","slug":"m-008-ladrillo-viejo-combinado","status":"publish","type":"product","link":"https:\/\/kapanels.com\/ca\/producte\/m-008-ladrillo-viejo-combinado\/","title":{"rendered":"M-008 Ladrillo Viejo Combinado"},"content":{"rendered":"<p><strong>Ancho:<\/strong> 2.85 m *<br \/>\n<strong>Alto:<\/strong> 1.3 m *<br \/>\n<strong>Superficie:<\/strong> 3.7 m\u00b2<br \/>\n<strong>Peso:<\/strong> 5 Kg\/m\u00b2<\/p>\n<p>(*) Medidas aproximadas<\/p>\n<p> Panel decorativo de Ladrillo, en colores rojos y marr\u00f3n. Ladrillos rectos, anchos y alargados, con la combinaci\u00f3n de ladrillos rojos y marrones, perfectos para instalaci\u00f3n interior y exterior. F\u00e1ciles de instalar y sin obras. <\/p>\n","protected":false},"excerpt":{"rendered":"<p>Ancho: 2.85 m * Alto: 1.3 m * Superficie: 3.7 m\u00b2 Peso: 5 Kg\/m\u00b2 (*) Medidas aproximadas Panel decorativo de Ladrillo, en colores rojos y marr\u00f3n. Ladrillos rectos, anchos y alargados, con la combinaci\u00f3n de ladrillos rojos y marrones, perfectos para instalaci\u00f3n interior y exterior. F\u00e1ciles de instalar y sin obras.<\/p>\n","protected":false},"featured_media":35393,"template":"","meta":[],"product_brand":[],"product_cat":[669,673],"product_tag":[761,817,819,647,891,950,1032,711,760],"class_list":{"0":"post-36497","1":"product","2":"type-product","3":"status-publish","4":"has-post-thumbnail","6":"product_cat-panells","7":"product_cat-mao-vell","8":"product_tag-panel-ladrillo","9":"product_tag-marron","10":"product_tag-panel","11":"product_tag-revestimiento-fachada","12":"product_tag-rojo","13":"product_tag-viejo","14":"product_tag-combinado","15":"product_tag-panel-decorativo","16":"product_tag-ladrillo","18":"first","19":"instock","20":"shipping-taxable","21":"product-type-simple"},"yoast_head":"<!-- This site is optimized with the Yoast SEO Premium plugin v24.5 (Yoast SEO v27.3) - https:\/\/yoast.com\/product\/yoast-seo-premium-wordpress\/ -->\n<title>M-008 Ladrillo Viejo Combinado - KA PANELS<\/title>\n<meta name=\"robots\" content=\"index, follow, max-snippet:-1, max-image-preview:large, max-video-preview:-1\" \/>\n<link rel=\"canonical\" href=\"https:\/\/kapanels.com\/ca\/producte\/m-008-ladrillo-viejo-combinado\/\" \/>\n<meta property=\"og:locale\" content=\"ca_ES\" \/>\n<meta property=\"og:type\" content=\"article\" \/>\n<meta property=\"og:title\" content=\"M-008 Ladrillo Viejo Combinado\" \/>\n<meta property=\"og:description\" content=\"Ancho: 2.85 m * Alto: 1.3 m * Superficie: 3.7 m\u00b2 Peso: 5 Kg\/m\u00b2 (*) Medidas aproximadas Panel decorativo de Ladrillo, en colores rojos y marr\u00f3n. Ladrillos rectos, anchos y alargados, con la combinaci\u00f3n de ladrillos rojos y marrones, perfectos para instalaci\u00f3n interior y exterior. F\u00e1ciles de instalar y sin obras.\" \/>\n<meta property=\"og:url\" content=\"https:\/\/kapanels.com\/ca\/producte\/m-008-ladrillo-viejo-combinado\/\" \/>\n<meta property=\"og:site_name\" content=\"KA PANELS\" \/>\n<meta property=\"article:publisher\" content=\"https:\/\/www.facebook.com\/ka.coverings.7\" \/>\n<meta name=\"twitter:card\" content=\"summary_large_image\" \/>\n<script type=\"application\/ld+json\" class=\"yoast-schema-graph\">{\"@context\":\"https:\\\/\\\/schema.org\",\"@graph\":[{\"@type\":\"WebPage\",\"@id\":\"https:\\\/\\\/kapanels.com\\\/ca\\\/producte\\\/m-008-ladrillo-viejo-combinado\\\/\",\"url\":\"https:\\\/\\\/kapanels.com\\\/ca\\\/producte\\\/m-008-ladrillo-viejo-combinado\\\/\",\"name\":\"M-008 Ladrillo Viejo Combinado - KA PANELS\",\"isPartOf\":{\"@id\":\"https:\\\/\\\/kapanels.com\\\/#website\"},\"primaryImageOfPage\":{\"@id\":\"https:\\\/\\\/kapanels.com\\\/ca\\\/producte\\\/m-008-ladrillo-viejo-combinado\\\/#primaryimage\"},\"image\":{\"@id\":\"https:\\\/\\\/kapanels.com\\\/ca\\\/producte\\\/m-008-ladrillo-viejo-combinado\\\/#primaryimage\"},\"thumbnailUrl\":\"https:\\\/\\\/kapanels.com\\\/wp-content\\\/uploads\\\/2025\\\/01\\\/M008-Ladrillo-Viejo-Combinado-totalstone-kacoverings-texture-850x638-1.jpg\",\"datePublished\":\"2016-05-06T11:23:47+00:00\",\"breadcrumb\":{\"@id\":\"https:\\\/\\\/kapanels.com\\\/ca\\\/producte\\\/m-008-ladrillo-viejo-combinado\\\/#breadcrumb\"},\"inLanguage\":\"ca\",\"potentialAction\":[{\"@type\":\"ReadAction\",\"target\":[\"https:\\\/\\\/kapanels.com\\\/ca\\\/producte\\\/m-008-ladrillo-viejo-combinado\\\/\"]}]},{\"@type\":\"ImageObject\",\"inLanguage\":\"ca\",\"@id\":\"https:\\\/\\\/kapanels.com\\\/ca\\\/producte\\\/m-008-ladrillo-viejo-combinado\\\/#primaryimage\",\"url\":\"https:\\\/\\\/kapanels.com\\\/wp-content\\\/uploads\\\/2025\\\/01\\\/M008-Ladrillo-Viejo-Combinado-totalstone-kacoverings-texture-850x638-1.jpg\",\"contentUrl\":\"https:\\\/\\\/kapanels.com\\\/wp-content\\\/uploads\\\/2025\\\/01\\\/M008-Ladrillo-Viejo-Combinado-totalstone-kacoverings-texture-850x638-1.jpg\",\"width\":850,\"height\":638,\"caption\":\"Panel decorativo revestimiento ladrillo\"},{\"@type\":\"BreadcrumbList\",\"@id\":\"https:\\\/\\\/kapanels.com\\\/ca\\\/producte\\\/m-008-ladrillo-viejo-combinado\\\/#breadcrumb\",\"itemListElement\":[{\"@type\":\"ListItem\",\"position\":1,\"name\":\"Portada\",\"item\":\"https:\\\/\\\/kapanels.com\\\/ca\\\/\"},{\"@type\":\"ListItem\",\"position\":2,\"name\":\"Productos\",\"item\":\"https:\\\/\\\/kapanels.com\\\/tienda__trashed\\\/\"},{\"@type\":\"ListItem\",\"position\":3,\"name\":\"M-008 Ladrillo Viejo Combinado\"}]},{\"@type\":\"WebSite\",\"@id\":\"https:\\\/\\\/kapanels.com\\\/#website\",\"url\":\"https:\\\/\\\/kapanels.com\\\/\",\"name\":\"KA PANELS\",\"description\":\"Paneles decorativos en gran formato | Revestimientos de pared | Paneles de piedra | Paneles de ladrillo | Vigas decorativas\",\"publisher\":{\"@id\":\"https:\\\/\\\/kapanels.com\\\/#organization\"},\"potentialAction\":[{\"@type\":\"SearchAction\",\"target\":{\"@type\":\"EntryPoint\",\"urlTemplate\":\"https:\\\/\\\/kapanels.com\\\/?s={search_term_string}\"},\"query-input\":{\"@type\":\"PropertyValueSpecification\",\"valueRequired\":true,\"valueName\":\"search_term_string\"}}],\"inLanguage\":\"ca\"},{\"@type\":\"Organization\",\"@id\":\"https:\\\/\\\/kapanels.com\\\/#organization\",\"name\":\"KA PANELS\",\"url\":\"https:\\\/\\\/kapanels.com\\\/\",\"logo\":{\"@type\":\"ImageObject\",\"inLanguage\":\"ca\",\"@id\":\"https:\\\/\\\/kapanels.com\\\/#\\\/schema\\\/logo\\\/image\\\/\",\"url\":\"https:\\\/\\\/kapanels.com\\\/wp-content\\\/uploads\\\/2024\\\/11\\\/kapanels.png\",\"contentUrl\":\"https:\\\/\\\/kapanels.com\\\/wp-content\\\/uploads\\\/2024\\\/11\\\/kapanels.png\",\"width\":300,\"height\":250,\"caption\":\"KA PANELS\"},\"image\":{\"@id\":\"https:\\\/\\\/kapanels.com\\\/#\\\/schema\\\/logo\\\/image\\\/\"},\"sameAs\":[\"https:\\\/\\\/www.facebook.com\\\/ka.coverings.7\",\"https:\\\/\\\/www.instagram.com\\\/ka_panels\\\/\",\"https:\\\/\\\/www.linkedin.com\\\/in\\\/ka-panels-6a839560\\\/\"]}]}<\/script>\n<!-- \/ Yoast SEO Premium plugin. -->","yoast_head_json":{"title":"M-008 Ladrillo Viejo Combinado - KA PANELS","robots":{"index":"index","follow":"follow","max-snippet":"max-snippet:-1","max-image-preview":"max-image-preview:large","max-video-preview":"max-video-preview:-1"},"canonical":"https:\/\/kapanels.com\/ca\/producte\/m-008-ladrillo-viejo-combinado\/","og_locale":"ca_ES","og_type":"article","og_title":"M-008 Ladrillo Viejo Combinado","og_description":"Ancho: 2.85 m * Alto: 1.3 m * Superficie: 3.7 m\u00b2 Peso: 5 Kg\/m\u00b2 (*) Medidas aproximadas Panel decorativo de Ladrillo, en colores rojos y marr\u00f3n. Ladrillos rectos, anchos y alargados, con la combinaci\u00f3n de ladrillos rojos y marrones, perfectos para instalaci\u00f3n interior y exterior. F\u00e1ciles de instalar y sin obras.","og_url":"https:\/\/kapanels.com\/ca\/producte\/m-008-ladrillo-viejo-combinado\/","og_site_name":"KA PANELS","article_publisher":"https:\/\/www.facebook.com\/ka.coverings.7","twitter_card":"summary_large_image","schema":{"@context":"https:\/\/schema.org","@graph":[{"@type":"WebPage","@id":"https:\/\/kapanels.com\/ca\/producte\/m-008-ladrillo-viejo-combinado\/","url":"https:\/\/kapanels.com\/ca\/producte\/m-008-ladrillo-viejo-combinado\/","name":"M-008 Ladrillo Viejo Combinado - KA PANELS","isPartOf":{"@id":"https:\/\/kapanels.com\/#website"},"primaryImageOfPage":{"@id":"https:\/\/kapanels.com\/ca\/producte\/m-008-ladrillo-viejo-combinado\/#primaryimage"},"image":{"@id":"https:\/\/kapanels.com\/ca\/producte\/m-008-ladrillo-viejo-combinado\/#primaryimage"},"thumbnailUrl":"https:\/\/kapanels.com\/wp-content\/uploads\/2025\/01\/M008-Ladrillo-Viejo-Combinado-totalstone-kacoverings-texture-850x638-1.jpg","datePublished":"2016-05-06T11:23:47+00:00","breadcrumb":{"@id":"https:\/\/kapanels.com\/ca\/producte\/m-008-ladrillo-viejo-combinado\/#breadcrumb"},"inLanguage":"ca","potentialAction":[{"@type":"ReadAction","target":["https:\/\/kapanels.com\/ca\/producte\/m-008-ladrillo-viejo-combinado\/"]}]},{"@type":"ImageObject","inLanguage":"ca","@id":"https:\/\/kapanels.com\/ca\/producte\/m-008-ladrillo-viejo-combinado\/#primaryimage","url":"https:\/\/kapanels.com\/wp-content\/uploads\/2025\/01\/M008-Ladrillo-Viejo-Combinado-totalstone-kacoverings-texture-850x638-1.jpg","contentUrl":"https:\/\/kapanels.com\/wp-content\/uploads\/2025\/01\/M008-Ladrillo-Viejo-Combinado-totalstone-kacoverings-texture-850x638-1.jpg","width":850,"height":638,"caption":"Panel decorativo revestimiento ladrillo"},{"@type":"BreadcrumbList","@id":"https:\/\/kapanels.com\/ca\/producte\/m-008-ladrillo-viejo-combinado\/#breadcrumb","itemListElement":[{"@type":"ListItem","position":1,"name":"Portada","item":"https:\/\/kapanels.com\/ca\/"},{"@type":"ListItem","position":2,"name":"Productos","item":"https:\/\/kapanels.com\/tienda__trashed\/"},{"@type":"ListItem","position":3,"name":"M-008 Ladrillo Viejo Combinado"}]},{"@type":"WebSite","@id":"https:\/\/kapanels.com\/#website","url":"https:\/\/kapanels.com\/","name":"KA PANELS","description":"Paneles decorativos en gran formato | Revestimientos de pared | Paneles de piedra | Paneles de ladrillo | Vigas decorativas","publisher":{"@id":"https:\/\/kapanels.com\/#organization"},"potentialAction":[{"@type":"SearchAction","target":{"@type":"EntryPoint","urlTemplate":"https:\/\/kapanels.com\/?s={search_term_string}"},"query-input":{"@type":"PropertyValueSpecification","valueRequired":true,"valueName":"search_term_string"}}],"inLanguage":"ca"},{"@type":"Organization","@id":"https:\/\/kapanels.com\/#organization","name":"KA PANELS","url":"https:\/\/kapanels.com\/","logo":{"@type":"ImageObject","inLanguage":"ca","@id":"https:\/\/kapanels.com\/#\/schema\/logo\/image\/","url":"https:\/\/kapanels.com\/wp-content\/uploads\/2024\/11\/kapanels.png","contentUrl":"https:\/\/kapanels.com\/wp-content\/uploads\/2024\/11\/kapanels.png","width":300,"height":250,"caption":"KA PANELS"},"image":{"@id":"https:\/\/kapanels.com\/#\/schema\/logo\/image\/"},"sameAs":["https:\/\/www.facebook.com\/ka.coverings.7","https:\/\/www.instagram.com\/ka_panels\/","https:\/\/www.linkedin.com\/in\/ka-panels-6a839560\/"]}]}},"_links":{"self":[{"href":"https:\/\/kapanels.com\/ca\/wp-json\/wp\/v2\/product\/36497","targetHints":{"allow":["GET"]}}],"collection":[{"href":"https:\/\/kapanels.com\/ca\/wp-json\/wp\/v2\/product"}],"about":[{"href":"https:\/\/kapanels.com\/ca\/wp-json\/wp\/v2\/types\/product"}],"wp:featuredmedia":[{"embeddable":true,"href":"https:\/\/kapanels.com\/ca\/wp-json\/wp\/v2\/media\/35393"}],"wp:attachment":[{"href":"https:\/\/kapanels.com\/ca\/wp-json\/wp\/v2\/media?parent=36497"}],"wp:term":[{"taxonomy":"product_brand","embeddable":true,"href":"https:\/\/kapanels.com\/ca\/wp-json\/wp\/v2\/product_brand?post=36497"},{"taxonomy":"product_cat","embeddable":true,"href":"https:\/\/kapanels.com\/ca\/wp-json\/wp\/v2\/product_cat?post=36497"},{"taxonomy":"product_tag","embeddable":true,"href":"https:\/\/kapanels.com\/ca\/wp-json\/wp\/v2\/product_tag?post=36497"}],"curies":[{"name":"wp","href":"https:\/\/api.w.org\/{rel}","templated":true}]}}