{"id":35347,"date":"2024-11-26T13:20:42","date_gmt":"2024-11-26T11:20:42","guid":{"rendered":"https:\/\/kapanels.com\/politica-de-cookies\/"},"modified":"2026-04-10T11:50:33","modified_gmt":"2026-04-10T09:50:33","slug":"politica-de-cookies","status":"publish","type":"page","link":"https:\/\/kapanels.com\/fr\/politica-de-cookies\/","title":{"rendered":"Politique de Cookies"},"content":{"rendered":"\n<p>Conform\u00e9ment au devoir d\u2019information pr\u00e9vu au paragraphe 2 de l\u2019article 22 de la Loi 34\/2002 du 11 juillet relative aux services de la soci\u00e9t\u00e9 de l\u2019information et au commerce \u00e9lectronique, la pr\u00e9sente politique de cookies a pour objectif de vous informer de mani\u00e8re claire et pr\u00e9cise sur les cookies utilis\u00e9s sur le site web de KA Composites Panel S.L.<\/p>\n\n\n\n<h3 class=\"wp-block-heading\" id=\"h-1-qu-est-ce-que-les-cookies\"><strong>1. Qu\u2019est-ce que les cookies ?<\/strong><\/h3>\n\n\n\n<p>Un cookie est un petit fichier que les sites web envoient au navigateur et qui est t\u00e9l\u00e9charg\u00e9 sur votre ordinateur. Les cookies permettent au site web de stocker et de r\u00e9cup\u00e9rer certaines informations sur votre visite, telles que votre langue pr\u00e9f\u00e9r\u00e9e et d\u2019autres options, afin d\u2019am\u00e9liorer les services propos\u00e9s et de contribuer \u00e0 une meilleure exp\u00e9rience de navigation pour l\u2019utilisateur.<\/p>\n\n\n\n<h3 class=\"wp-block-heading\" id=\"h-2-types-de-cookies\"><strong>2. Types de cookies<\/strong><\/h3>\n\n\n\n<p>Selon l\u2019entit\u00e9 qui g\u00e8re le domaine depuis lequel les cookies sont envoy\u00e9s et traite les donn\u00e9es, on distingue les cookies internes (propres) et les cookies tiers.<\/p>\n\n\n\n<p>Selon leur dur\u00e9e de conservation dans le navigateur de l\u2019utilisateur, les cookies peuvent \u00eatre des cookies de session ou des cookies persistants.<\/p>\n\n\n\n<p>Enfin, selon la finalit\u00e9 du traitement des donn\u00e9es collect\u00e9es, les cookies peuvent \u00eatre class\u00e9s dans les cat\u00e9gories suivantes :<\/p>\n\n\n\n<ul class=\"wp-block-list\">\n<li><strong>Cookies techniques<\/strong> : ils permettent la navigation sur un site web, une plateforme ou une application, ainsi que l\u2019utilisation des diff\u00e9rentes options ou services existants.<\/li>\n\n\n\n<li><strong>Cookies de pr\u00e9f\u00e9rence ou de personnalisation<\/strong> : ils permettent de m\u00e9moriser des informations afin que l\u2019utilisateur acc\u00e8de au service avec certaines caract\u00e9ristiques (langue, configuration, etc.).<\/li>\n\n\n\n<li><strong>Cookies de modules sociaux (plug-in)<\/strong> : ils permettent de partager des contenus sur les r\u00e9seaux sociaux.<\/li>\n\n\n\n<li><strong>Cookies d\u2019analyse ou de mesure<\/strong> : ils permettent de suivre et d\u2019analyser le comportement des utilisateurs afin d\u2019am\u00e9liorer les services propos\u00e9s.<\/li>\n\n\n\n<li><strong>Cookies de publicit\u00e9 comportementale<\/strong> : ils permettent de cr\u00e9er un profil utilisateur afin d\u2019afficher de la publicit\u00e9 adapt\u00e9e.<\/li>\n\n\n\n<li><strong>Cookies de g\u00e9olocalisation<\/strong> : utilis\u00e9s pour d\u00e9terminer le pays de l\u2019utilisateur.<\/li>\n\n\n\n<li><strong>Cookies de session<\/strong> : con\u00e7us pour collecter et stocker des donn\u00e9es pendant la navigation sur le site.<\/li>\n\n\n\n<li><strong>Cookies persistants<\/strong> : les donn\u00e9es restent stock\u00e9es pendant une dur\u00e9e d\u00e9termin\u00e9e, allant de quelques minutes \u00e0 plusieurs ann\u00e9es.<\/li>\n<\/ul>\n\n\n\n<h3 class=\"wp-block-heading\" id=\"h-3-autorisation-pour-l-utilisation-des-cookies\"><strong>3. Autorisation pour l\u2019utilisation des cookies<\/strong><\/h3>\n\n\n\n<p>Conform\u00e9ment \u00e0 l\u2019avis de cookies affich\u00e9 sur le site web, vous pouvez consentir express\u00e9ment \u00e0 l\u2019utilisation des cookies n\u00e9cessitant un consentement. Toutefois, les cookies techniques ou n\u00e9cessaires ne requi\u00e8rent pas de consentement.<\/p>\n\n\n\n<p>Vous pouvez \u00e0 tout moment modifier les param\u00e8tres de votre navigateur afin de bloquer l\u2019utilisation des cookies.<\/p>\n\n\n\n<h3 class=\"wp-block-heading\" id=\"h-4-comment-modifier-les-parametres-des-cookies\"><strong>4. Comment modifier les param\u00e8tres des cookies<\/strong><\/h3>\n\n\n\n<p>Vous pouvez restreindre, bloquer ou supprimer les cookies de Kapanels.com ou de tout autre site web en configurant votre navigateur. La proc\u00e9dure varie selon le navigateur utilis\u00e9. Vous pouvez consulter le menu d\u2019aide de votre navigateur pour plus d\u2019informations.<\/p>\n\n\n\n<p>Navigateurs les plus courants :<\/p>\n\n\n\n<ul class=\"wp-block-list\">\n<li>Google Chrome<\/li>\n\n\n\n<li>Mozilla Firefox<\/li>\n\n\n\n<li>Safari<\/li>\n\n\n\n<li>Internet Explorer<\/li>\n<\/ul>\n\n\n\n<p>La d\u00e9sactivation des cookies peut emp\u00eacher le bon fonctionnement du site web ou limiter l\u2019acc\u00e8s \u00e0 certaines de ses fonctionnalit\u00e9s.<\/p>\n\n\n\n<h3 class=\"wp-block-heading\" id=\"h-5-cookies-utilises-sur-ce-site-web\"><strong>5. Cookies utilis\u00e9s sur ce site web<\/strong><\/h3>\n\n\n\n<p>Ce site utilise diff\u00e9rents types de cookies ayant diverses finalit\u00e9s :<\/p>\n\n\n\n<ul class=\"wp-block-list\">\n<li><strong>Cookies techniques<\/strong><\/li>\n\n\n\n<li><strong>Cookies d\u2019analyse ou de mesure<\/strong> : ils permettent de quantifier le nombre d\u2019utilisateurs et de r\u00e9aliser des analyses statistiques de l\u2019utilisation du site, afin d\u2019am\u00e9liorer les produits ou services propos\u00e9s.<\/li>\n<\/ul>\n\n\n\n<h3 class=\"wp-block-heading\" id=\"h-6-modification-de-cette-politique\"><strong>6. Modification de cette politique<\/strong><\/h3>\n\n\n\n<p>KA Composites Panel S.L. se r\u00e9serve le droit de modifier \u00e0 tout moment, de mani\u00e8re unilat\u00e9rale et sans pr\u00e9avis, la pr\u00e9sente Politique de Cookies.<\/p>\n\n\n\n<p>L\u2019utilisateur reconna\u00eet et accepte qu\u2019il lui appartient de consulter r\u00e9guli\u00e8rement cette Politique de Cookies.<\/p>\n","protected":false},"excerpt":{"rendered":"<p>Conform\u00e9ment au devoir d\u2019information pr\u00e9vu au paragraphe 2 de l\u2019article 22 de la Loi 34\/2002 du 11 juillet relative aux services de la soci\u00e9t\u00e9 de l\u2019information et au commerce \u00e9lectronique, la pr\u00e9sente politique de cookies a pour objectif de vous informer de mani\u00e8re claire et pr\u00e9cise sur les cookies utilis\u00e9s sur le site web de [&hellip;]<\/p>\n","protected":false},"author":1,"featured_media":0,"parent":0,"menu_order":0,"comment_status":"closed","ping_status":"closed","template":"","meta":{"footnotes":""},"class_list":["post-35347","page","type-page","status-publish","hentry"],"yoast_head":"<!-- This site is optimized with the Yoast SEO Premium plugin v24.5 (Yoast SEO v27.2) - https:\/\/yoast.com\/product\/yoast-seo-premium-wordpress\/ -->\n<title>Politique de Cookies - KA PANELS<\/title>\n<meta name=\"robots\" content=\"index, follow, max-snippet:-1, max-image-preview:large, max-video-preview:-1\" \/>\n<link rel=\"canonical\" href=\"https:\/\/kapanels.com\/fr\/politica-de-cookies\/\" \/>\n<meta property=\"og:locale\" content=\"fr_FR\" \/>\n<meta property=\"og:type\" content=\"article\" \/>\n<meta property=\"og:title\" content=\"Politique de Cookies\" \/>\n<meta property=\"og:description\" content=\"Conform\u00e9ment au devoir d\u2019information pr\u00e9vu au paragraphe 2 de l\u2019article 22 de la Loi 34\/2002 du 11 juillet relative aux services de la soci\u00e9t\u00e9 de l\u2019information et au commerce \u00e9lectronique, la pr\u00e9sente politique de cookies a pour objectif de vous informer de mani\u00e8re claire et pr\u00e9cise sur les cookies utilis\u00e9s sur le site web de [&hellip;]\" \/>\n<meta property=\"og:url\" content=\"https:\/\/kapanels.com\/fr\/politica-de-cookies\/\" \/>\n<meta property=\"og:site_name\" content=\"KA PANELS\" \/>\n<meta property=\"article:publisher\" content=\"https:\/\/www.facebook.com\/ka.coverings.7\" \/>\n<meta property=\"article:modified_time\" content=\"2026-04-10T09:50:33+00:00\" \/>\n<meta name=\"twitter:card\" content=\"summary_large_image\" \/>\n<meta name=\"twitter:label1\" content=\"Dur\u00e9e de lecture estim\u00e9e\" \/>\n\t<meta name=\"twitter:data1\" content=\"3 minutes\" \/>\n<script type=\"application\/ld+json\" class=\"yoast-schema-graph\">{\"@context\":\"https:\/\/schema.org\",\"@graph\":[{\"@type\":\"WebPage\",\"@id\":\"https:\/\/kapanels.com\/fr\/politica-de-cookies\/\",\"url\":\"https:\/\/kapanels.com\/fr\/politica-de-cookies\/\",\"name\":\"Politique de Cookies - KA PANELS\",\"isPartOf\":{\"@id\":\"https:\/\/kapanels.com\/#website\"},\"datePublished\":\"2024-11-26T11:20:42+00:00\",\"dateModified\":\"2026-04-10T09:50:33+00:00\",\"breadcrumb\":{\"@id\":\"https:\/\/kapanels.com\/fr\/politica-de-cookies\/#breadcrumb\"},\"inLanguage\":\"fr-FR\",\"potentialAction\":[{\"@type\":\"ReadAction\",\"target\":[\"https:\/\/kapanels.com\/fr\/politica-de-cookies\/\"]}]},{\"@type\":\"BreadcrumbList\",\"@id\":\"https:\/\/kapanels.com\/fr\/politica-de-cookies\/#breadcrumb\",\"itemListElement\":[{\"@type\":\"ListItem\",\"position\":1,\"name\":\"Portada\",\"item\":\"https:\/\/kapanels.com\/fr\/portada\/\"},{\"@type\":\"ListItem\",\"position\":2,\"name\":\"Politique de Cookies\"}]},{\"@type\":\"WebSite\",\"@id\":\"https:\/\/kapanels.com\/#website\",\"url\":\"https:\/\/kapanels.com\/\",\"name\":\"KA PANELS\",\"description\":\"Paneles decorativos en gran formato | Revestimientos de pared | Paneles de piedra | Paneles de ladrillo | Vigas decorativas\",\"publisher\":{\"@id\":\"https:\/\/kapanels.com\/#organization\"},\"potentialAction\":[{\"@type\":\"SearchAction\",\"target\":{\"@type\":\"EntryPoint\",\"urlTemplate\":\"https:\/\/kapanels.com\/?s={search_term_string}\"},\"query-input\":{\"@type\":\"PropertyValueSpecification\",\"valueRequired\":true,\"valueName\":\"search_term_string\"}}],\"inLanguage\":\"fr-FR\"},{\"@type\":\"Organization\",\"@id\":\"https:\/\/kapanels.com\/#organization\",\"name\":\"KA PANELS\",\"url\":\"https:\/\/kapanels.com\/\",\"logo\":{\"@type\":\"ImageObject\",\"inLanguage\":\"fr-FR\",\"@id\":\"https:\/\/kapanels.com\/#\/schema\/logo\/image\/\",\"url\":\"https:\/\/kapanels.com\/wp-content\/uploads\/2024\/11\/kapanels.png\",\"contentUrl\":\"https:\/\/kapanels.com\/wp-content\/uploads\/2024\/11\/kapanels.png\",\"width\":300,\"height\":250,\"caption\":\"KA PANELS\"},\"image\":{\"@id\":\"https:\/\/kapanels.com\/#\/schema\/logo\/image\/\"},\"sameAs\":[\"https:\/\/www.facebook.com\/ka.coverings.7\",\"https:\/\/www.instagram.com\/ka_panels\/\",\"https:\/\/www.linkedin.com\/in\/ka-panels-6a839560\/\"]}]}<\/script>\n<!-- \/ Yoast SEO Premium plugin. -->","yoast_head_json":{"title":"Politique de Cookies - KA PANELS","robots":{"index":"index","follow":"follow","max-snippet":"max-snippet:-1","max-image-preview":"max-image-preview:large","max-video-preview":"max-video-preview:-1"},"canonical":"https:\/\/kapanels.com\/fr\/politica-de-cookies\/","og_locale":"fr_FR","og_type":"article","og_title":"Politique de Cookies","og_description":"Conform\u00e9ment au devoir d\u2019information pr\u00e9vu au paragraphe 2 de l\u2019article 22 de la Loi 34\/2002 du 11 juillet relative aux services de la soci\u00e9t\u00e9 de l\u2019information et au commerce \u00e9lectronique, la pr\u00e9sente politique de cookies a pour objectif de vous informer de mani\u00e8re claire et pr\u00e9cise sur les cookies utilis\u00e9s sur le site web de [&hellip;]","og_url":"https:\/\/kapanels.com\/fr\/politica-de-cookies\/","og_site_name":"KA PANELS","article_publisher":"https:\/\/www.facebook.com\/ka.coverings.7","article_modified_time":"2026-04-10T09:50:33+00:00","twitter_card":"summary_large_image","twitter_misc":{"Dur\u00e9e de lecture estim\u00e9e":"3 minutes"},"schema":{"@context":"https:\/\/schema.org","@graph":[{"@type":"WebPage","@id":"https:\/\/kapanels.com\/fr\/politica-de-cookies\/","url":"https:\/\/kapanels.com\/fr\/politica-de-cookies\/","name":"Politique de Cookies - KA PANELS","isPartOf":{"@id":"https:\/\/kapanels.com\/#website"},"datePublished":"2024-11-26T11:20:42+00:00","dateModified":"2026-04-10T09:50:33+00:00","breadcrumb":{"@id":"https:\/\/kapanels.com\/fr\/politica-de-cookies\/#breadcrumb"},"inLanguage":"fr-FR","potentialAction":[{"@type":"ReadAction","target":["https:\/\/kapanels.com\/fr\/politica-de-cookies\/"]}]},{"@type":"BreadcrumbList","@id":"https:\/\/kapanels.com\/fr\/politica-de-cookies\/#breadcrumb","itemListElement":[{"@type":"ListItem","position":1,"name":"Portada","item":"https:\/\/kapanels.com\/fr\/portada\/"},{"@type":"ListItem","position":2,"name":"Politique de Cookies"}]},{"@type":"WebSite","@id":"https:\/\/kapanels.com\/#website","url":"https:\/\/kapanels.com\/","name":"KA PANELS","description":"Paneles decorativos en gran formato | Revestimientos de pared | Paneles de piedra | Paneles de ladrillo | Vigas decorativas","publisher":{"@id":"https:\/\/kapanels.com\/#organization"},"potentialAction":[{"@type":"SearchAction","target":{"@type":"EntryPoint","urlTemplate":"https:\/\/kapanels.com\/?s={search_term_string}"},"query-input":{"@type":"PropertyValueSpecification","valueRequired":true,"valueName":"search_term_string"}}],"inLanguage":"fr-FR"},{"@type":"Organization","@id":"https:\/\/kapanels.com\/#organization","name":"KA PANELS","url":"https:\/\/kapanels.com\/","logo":{"@type":"ImageObject","inLanguage":"fr-FR","@id":"https:\/\/kapanels.com\/#\/schema\/logo\/image\/","url":"https:\/\/kapanels.com\/wp-content\/uploads\/2024\/11\/kapanels.png","contentUrl":"https:\/\/kapanels.com\/wp-content\/uploads\/2024\/11\/kapanels.png","width":300,"height":250,"caption":"KA PANELS"},"image":{"@id":"https:\/\/kapanels.com\/#\/schema\/logo\/image\/"},"sameAs":["https:\/\/www.facebook.com\/ka.coverings.7","https:\/\/www.instagram.com\/ka_panels\/","https:\/\/www.linkedin.com\/in\/ka-panels-6a839560\/"]}]}},"_links":{"self":[{"href":"https:\/\/kapanels.com\/fr\/wp-json\/wp\/v2\/pages\/35347","targetHints":{"allow":["GET"]}}],"collection":[{"href":"https:\/\/kapanels.com\/fr\/wp-json\/wp\/v2\/pages"}],"about":[{"href":"https:\/\/kapanels.com\/fr\/wp-json\/wp\/v2\/types\/page"}],"author":[{"embeddable":true,"href":"https:\/\/kapanels.com\/fr\/wp-json\/wp\/v2\/users\/1"}],"replies":[{"embeddable":true,"href":"https:\/\/kapanels.com\/fr\/wp-json\/wp\/v2\/comments?post=35347"}],"version-history":[{"count":2,"href":"https:\/\/kapanels.com\/fr\/wp-json\/wp\/v2\/pages\/35347\/revisions"}],"predecessor-version":[{"id":35418,"href":"https:\/\/kapanels.com\/fr\/wp-json\/wp\/v2\/pages\/35347\/revisions\/35418"}],"wp:attachment":[{"href":"https:\/\/kapanels.com\/fr\/wp-json\/wp\/v2\/media?parent=35347"}],"curies":[{"name":"wp","href":"https:\/\/api.w.org\/{rel}","templated":true}]}}